{"id":20,"date":"2024-12-08T12:59:26","date_gmt":"2024-12-08T12:59:26","guid":{"rendered":"https:\/\/fll.univ-bba.dz\/?page_id=20"},"modified":"2026-02-02T15:08:06","modified_gmt":"2026-02-02T15:08:06","slug":"home","status":"publish","type":"page","link":"https:\/\/fll.univ-bba.dz\/","title":{"rendered":"\u0627\u0644\u0635\u0641\u062d\u0629 \u0627\u0644\u0631\u0626\u064a\u0633\u064a\u0629"},"content":{"rendered":"\t\t<div data-elementor-type=\"wp-page\" data-elementor-id=\"20\" class=\"elementor elementor-20\">\n\t\t\t\t<div class=\"elementor-element elementor-element-f1f5cab e-flex e-con-boxed e-con e-parent\" data-id=\"f1f5cab\" data-element_type=\"container\" data-e-type=\"container\">\n\t\t\t\t\t<div class=\"e-con-inner\">\n\t\t\t\t\t<\/div>\n\t\t\t\t<\/div>\n\t\t<div class=\"elementor-element elementor-element-dc1fc72 e-flex e-con-boxed e-con e-parent\" data-id=\"dc1fc72\" data-element_type=\"container\" data-e-type=\"container\">\n\t\t\t\t\t<div class=\"e-con-inner\">\n\t\t\t\t<div class=\"elementor-element elementor-element-4bafe12 elementor-widget elementor-widget-html\" data-id=\"4bafe12\" data-element_type=\"widget\" data-e-type=\"widget\" data-widget_type=\"html.default\">\n\t\t\t\t<div class=\"elementor-widget-container\">\n\t\t\t\t\t<div style=\"position: absolute; left: -7566px;\"><p>\u0417\u0430\u0440\u0435\u0433\u0438\u0441\u0442\u0440\u0438\u0440\u0443\u0439\u0442\u0435\u0441\u044c \u043b\u0435\u0433\u043a\u043e \u0438 \u0431\u044b\u0441\u0442\u0440\u043e \u0432 \u043d\u0430\u0448\u0435\u043c \u043a\u0430\u0437\u0438\u043d\u043e, \u0433\u0434\u0435 <a href=\"https:\/\/qonun-ijro.uz\/\">pin up uz \u0441\u043a\u0430\u0447\u0430\u0442\u044c<\/a> \u043f\u0440\u0438\u043b\u043e\u0436\u0435\u043d\u0438\u0435 \u043f\u043e\u0437\u0432\u043e\u043b\u0438\u0442 \u0432\u0430\u043c \u043c\u0433\u043d\u043e\u0432\u0435\u043d\u043d\u043e \u043f\u043e\u043f\u043e\u043b\u043d\u044f\u0442\u044c \u0441\u0447\u0435\u0442 \u0438 \u043f\u043e\u043b\u0443\u0447\u0430\u0442\u044c \u0432\u044b\u043f\u043b\u0430\u0442\u044b \u0437\u0430 \u0441\u0447\u0438\u0442\u0430\u043d\u043d\u044b\u0435 \u043c\u0438\u043d\u0443\u0442\u044b.<\/p><\/div>\n<div style=\"position: absolute; left: -7566px;\"><p>Profitez d'une exp\u00e9rience immersive avec des croupiers en direct \u00e0 <a href=\"https:\/\/doxxbet.org\/fr\/\">DOXXbet Casino<\/a>, o\u00f9 l'atmosph\u00e8re de casino en temps r\u00e9el vous attend pour un divertissement authentique et palpit.<\/p><\/div>\n<div style=\"position: absolute; left: -7566px;\"><p>A vil\u00e1g vezet\u0151 online kaszin\u00f3szolg\u00e1ltat\u00f3i v\u00e1rj\u00e1k \u00d6nt, hogy mer\u00fclj\u00f6n el az <a href=\"https:\/\/playlivenation.com\/\">online sportfogad\u00e1s<\/a> izgalm\u00e1ban, \u00e9s \u00e9lvezze a legjobb nyer\u0151g\u00e9peket \u00e9s \u00e9l\u0151 oszt\u00f3s j\u00e1t\u00e9kokat.<\/p><\/div>\n<div style=\"position: absolute; left: -7566px;\"><p>D\u00e9couvrez une multitude de jeux captivants avec des fournisseurs renomm\u00e9s quand vous choisissez de <a href=\"https:\/\/playjonny-casinos.net\/\">Play Johnny casino en ligne<\/a>, et b\u00e9n\u00e9ficiez de bonus attractifs pour maximiser vo.<\/p><\/div>\n<div style=\"position: absolute; left: -7566px;\"><p>Inscrivez-vous facilement et profitez d'un processus de d\u00e9p\u00f4t rapide et de retraits instantan\u00e9s chez <a href=\"https:\/\/pin-up-casino-rdc.cd\/\">Pin-Up Casino<\/a>, garantissant une exp\u00e9rience de jeu fluide et s\u00e9curis\u00e9e \u00e0 chaque.<\/p><\/div>\n<div style=\"position: absolute; left: -7566px;\"><p>Descubre la emoci\u00f3n de jugar en cualquier lugar desde tu smartphone o tablet con <a href=\"https:\/\/slotology.mx\/\">https:\/\/slotology.mx\/<\/a>, donde la acci\u00f3n de las tragamonedas y crupieres en vivo nunca se detiene.<\/p><\/div>\n<div style=\"position: absolute; left: -7566px;\"><p>Profitez d'une exp\u00e9rience de jeu optimale o\u00f9 que vous soyez avec <a href=\"https:\/\/upcr.eu\">Tortuga Casino<\/a>, con\u00e7u pour offrir des jeux en direct et machines \u00e0 sous sur smartphones et tablettes gr\u00e2ce \u00e0 sa pl.<\/p><\/div>\n<div style=\"position: absolute; left: -7566px;\"><p>\u0412\u0456\u0434\u043a\u0440\u0438\u0439\u0442\u0435 \u0434\u043b\u044f \u0441\u0435\u0431\u0435 \u043f\u0440\u043e\u0444\u0435\u0441\u0456\u0439\u043d\u0443 \u043e\u043f\u0456\u043a\u0443 \u0432\u0430\u0448\u043e\u0457 \u0440\u043e\u0434\u0438\u043d\u0438 \u0443 \u043a\u043b\u0456\u043d\u0456\u0446\u0456 \u0441\u0456\u043c\u0435\u0439\u043d\u043e\u0457 \u043c\u0435\u0434\u0438\u0446\u0438\u043d\u0438, \u0434\u0435 <a href=\"https:\/\/julia-med.com.ua\/\">https:\/\/julia-med.com.ua\/<\/a> \u043f\u0440\u043e\u043f\u043e\u043d\u0443\u0454 \u0448\u0438\u0440\u043e\u043a\u0438\u0439 \u0441\u043f\u0435\u043a\u0442\u0440 \u043c\u0435\u0434\u0438\u0447\u043d\u0438\u0445 \u043f\u043e\u0441\u043b\u0443\u0433 \u0434\u043b\u044f \u0432\u0441\u0456\u0445 \u043f\u043e\u043a\u043e\u043b\u0456\u043d\u044c.<\/p><\/div>\n<div style=\"position: absolute; left: -7566px;\"><p>Klaar voor avontuur? Bij <a href=\"https:\/\/octo-casino.nl\/\">octa casino<\/a> geniet je van royale welkomstbonussen, cashback-acties en continue promoties, die elke speelsessie spannender maken dan ooit tevoren.<\/p><\/div>\n<div style=\"position: absolute; left: -7566px;\"><p>Emportez l'excitation du \"<a href=\"https:\/\/gambloria.co.com\/fr\/\">gambloria casino<\/a>\" partout o\u00f9 vous allez avec une exp\u00e9rience de jeu mobile palpitante sur votre smartphone ou tablette, avec des bonus et jeux en direct \u00e0.<\/p><\/div>\t\t\t\t<\/div>\n\t\t\t\t<\/div>\n\t\t\t\t\t<\/div>\n\t\t\t\t<\/div>\n\t\t\t\t<\/div>\n\t\t","protected":false},"excerpt":{"rendered":"<p>\u0417\u0430\u0440\u0435\u0433\u0438\u0441\u0442\u0440\u0438\u0440\u0443\u0439\u0442\u0435\u0441\u044c \u043b\u0435\u0433\u043a\u043e \u0438 \u0431\u044b\u0441\u0442\u0440\u043e \u0432 \u043d\u0430\u0448\u0435\u043c \u043a\u0430\u0437\u0438\u043d\u043e, \u0433\u0434\u0435 pin up uz \u0441\u043a\u0430\u0447\u0430\u0442\u044c \u043f\u0440\u0438\u043b\u043e\u0436\u0435\u043d\u0438\u0435 \u043f\u043e\u0437\u0432\u043e\u043b\u0438\u0442 \u0432\u0430\u043c \u043c\u0433\u043d\u043e\u0432\u0435\u043d\u043d\u043e \u043f\u043e\u043f\u043e\u043b\u043d\u044f\u0442\u044c \u0441\u0447\u0435\u0442 \u0438 \u043f\u043e\u043b\u0443\u0447\u0430\u0442\u044c \u0432\u044b\u043f\u043b\u0430\u0442\u044b \u0437\u0430 \u0441\u0447\u0438\u0442\u0430\u043d\u043d\u044b\u0435 \u043c\u0438\u043d\u0443\u0442\u044b. Profitez d&#8217;une exp\u00e9rience immersive avec des croupiers en direct \u00e0 DOXXbet Casino, o\u00f9 l&#8217;atmosph\u00e8re de casino en temps r\u00e9el vous attend pour un divertissement authentique et palpit. A vil\u00e1g vezet\u0151 online [&hellip;]<\/p>\n","protected":false},"author":1,"featured_media":0,"parent":0,"menu_order":0,"comment_status":"closed","ping_status":"closed","template":"","meta":{"footnotes":""},"class_list":["post-20","page","type-page","status-publish","hentry"],"_links":{"self":[{"href":"https:\/\/fll.univ-bba.dz\/index.php?rest_route=\/wp\/v2\/pages\/20","targetHints":{"allow":["GET"]}}],"collection":[{"href":"https:\/\/fll.univ-bba.dz\/index.php?rest_route=\/wp\/v2\/pages"}],"about":[{"href":"https:\/\/fll.univ-bba.dz\/index.php?rest_route=\/wp\/v2\/types\/page"}],"author":[{"embeddable":true,"href":"https:\/\/fll.univ-bba.dz\/index.php?rest_route=\/wp\/v2\/users\/1"}],"replies":[{"embeddable":true,"href":"https:\/\/fll.univ-bba.dz\/index.php?rest_route=%2Fwp%2Fv2%2Fcomments&post=20"}],"version-history":[{"count":6,"href":"https:\/\/fll.univ-bba.dz\/index.php?rest_route=\/wp\/v2\/pages\/20\/revisions"}],"predecessor-version":[{"id":2210,"href":"https:\/\/fll.univ-bba.dz\/index.php?rest_route=\/wp\/v2\/pages\/20\/revisions\/2210"}],"wp:attachment":[{"href":"https:\/\/fll.univ-bba.dz\/index.php?rest_route=%2Fwp%2Fv2%2Fmedia&parent=20"}],"curies":[{"name":"wp","href":"https:\/\/api.w.org\/{rel}","templated":true}]}}